{"id":1540,"date":"2019-06-17T11:23:14","date_gmt":"2019-06-17T11:23:14","guid":{"rendered":"http:\/\/kemianseurat.fi\/finntesting\/?page_id=1540"},"modified":"2025-11-22T19:50:18","modified_gmt":"2025-11-22T21:50:18","slug":"analyysimenetelmien-validointi","status":"publish","type":"page","link":"https:\/\/kemianseurat.fi\/finntesting\/analyysimenetelmien-validointi\/","title":{"rendered":"Analyysimenetelmien validointi"},"content":{"rendered":"\n<p><strong>Validointi<\/strong> on menettely, jolla arvioidaan menetelm\u00e4n ja laitteen soveltuvuutta ja suorituskyky\u00e4 tiettyyn k\u00e4ytt\u00f6tarkoitukseen. Validoinnille asetettavat vaatimukset vaihtelevat menetelm\u00e4n ja sen k\u00e4ytt\u00f6tarkoituksen mukaan.<\/p>\n\n\n\n<p>Sek\u00e4 kvantitatiivisia (m\u00e4\u00e4r\u00e4llisi\u00e4, esim.\nkuinka paljon maassa on lyijy\u00e4) ett\u00e4 kvalitatiivisia (laadullisia, esim. sis\u00e4lt\u00e4\u00e4k\u00f6\nn\u00e4yte listeriabakteeria vai ei) analyysej\u00e4 voidaan validoida, mutta menettelyt\neroavat toisistaan. Esimerkiksi mikrobiologisissa analyyseiss\u00e4 tehd\u00e4\u00e4n sek\u00e4\nkvantitatiivisia- ett\u00e4 kvalitatiivisia analyysej\u00e4. <\/p>\n\n\n\n<p>Joskus analyyseille riitt\u00e4\u00e4 kevyempi menettely\neli <strong>verifiointi<\/strong>. Esimerkiksi\nstandardimenetelm\u00e4, jolle on tehty t\u00e4ydellinen kollaboratiivinen testaus tai\nsiit\u00e4 on kertynyt paljon k\u00e4ytt\u00f6kokemusta, voidaan pelk\u00e4st\u00e4\u00e4n verifioida.\nVerifioinnissa osoitetaan esimerkiksi varmennetun vertailumateriaalin avulla,\nett\u00e4 menetelm\u00e4 toimii.<\/p>\n\n\n\n<h4 class=\"wp-block-heading\">Validoinnin vaiheet<\/h4>\n\n\n\n<p><\/p>\n\n\n\n<p><strong>     1  Validointisuunnitelma <\/strong><\/p>\n\n\n\n<p><strong>     2  Mittaukset<\/strong><\/p>\n\n\n\n<p><strong>     3  Tulosten tilastollinen arviointi<\/strong><\/p>\n\n\n\n<p><strong>     4  Dokumentointi<\/strong><\/p>\n\n\n\n<ul class=\"wp-block-list\">\n<li>validointiraportin laatiminen<\/li>\n\n\n\n<li>j\u00e4ljitett\u00e4vyys varmistettava<\/li>\n\n\n\n<li>arvioidaan kokonaismittausep\u00e4varmuus<\/li>\n<\/ul>\n\n\n\n<h2 class=\"wp-block-heading\" style=\"font-size:22px\">STANDARDEJA<br><\/h2>\n\n\n\n<p> ISO 5725:1994. Accuracy (trueness and precision) of measurement methods and results <\/p>\n\n\n\n<p>ISO 11843:2008. Capability of detection <\/p>\n\n\n\n<p> ISO\/TR 13843:2017. Water quality \u2014 Guidance on validation of microbiological methods <\/p>\n\n\n\n<p>\nASTM E1169\u201318. Standard practice for conducting ruggedness tests. ASTM International (<a href=\"http:\/\/www.astm.org\">www.astm.org<\/a>)\n\n<\/p>\n\n\n\n<h2 class=\"wp-block-heading\" style=\"font-size:22px\">OPPAITA<\/h2>\n\n\n\n<div class=\"wp-block-file\"><a href=\"http:\/\/kemianseurat.fi\/finntesting\/wp-content\/uploads\/2019\/10\/Validoinnin-suunnittelun-opas-2016.pdf\">Validoinnin suunnittelun opas (VTT, 2016)<\/a><\/div>\n\n\n\n<div class=\"wp-block-file\"><a href=\"http:\/\/kemianseurat.fi\/finntesting\/wp-content\/uploads\/2019\/10\/The-Fitness-for-Purpose-of-Analytical-Methods-A-Laboratory-Guide-to-Method-Validation-and-Related-Topics-Eurachem-2014.pdf\">The Fitness for Purpose of Analytical Methods- A Laboratory Guide to Method Validation and Related Topics (Eurachem, 2014)<\/a><\/div>\n\n\n\n<p style=\"font-size:13px\"><a href=\"http:\/\/Home About Eurachem Working groups Publications Eurachem Guides Information Leaflets Eurachem Reports Publication Archive Reading list Task Views Events News Eurachem Blog Contact Eurachem Tags Search Search ...  Search Member login  Username   Password   Remember Me  Forgot your password? Forgot your username? Validation of Measurement Procedures that Include Sampling\">Validation of Measurement Procedures that Include Sampling (Eurachem \/ CITAC 2024)<\/a><\/p>\n\n\n\n<h1 class=\"wp-block-heading\" style=\"font-size:12px\"><\/h1>\n\n\n\n<p><\/p>\n","protected":false},"excerpt":{"rendered":"<p>Validointi on menettely, jolla arvioidaan menetelm\u00e4n ja laitteen soveltuvuutta ja suorituskyky\u00e4 tiettyyn k\u00e4ytt\u00f6tarkoitukseen. Validoinnille asetettavat vaatimukset vaihtelevat menetelm\u00e4n ja sen&hellip;<\/p>\n","protected":false},"author":7,"featured_media":0,"parent":0,"menu_order":0,"comment_status":"closed","ping_status":"closed","template":"","meta":{"footnotes":""},"class_list":["post-1540","page","type-page","status-publish","hentry"],"_links":{"self":[{"href":"https:\/\/kemianseurat.fi\/finntesting\/wp-json\/wp\/v2\/pages\/1540","targetHints":{"allow":["GET"]}}],"collection":[{"href":"https:\/\/kemianseurat.fi\/finntesting\/wp-json\/wp\/v2\/pages"}],"about":[{"href":"https:\/\/kemianseurat.fi\/finntesting\/wp-json\/wp\/v2\/types\/page"}],"author":[{"embeddable":true,"href":"https:\/\/kemianseurat.fi\/finntesting\/wp-json\/wp\/v2\/users\/7"}],"replies":[{"embeddable":true,"href":"https:\/\/kemianseurat.fi\/finntesting\/wp-json\/wp\/v2\/comments?post=1540"}],"version-history":[{"count":15,"href":"https:\/\/kemianseurat.fi\/finntesting\/wp-json\/wp\/v2\/pages\/1540\/revisions"}],"predecessor-version":[{"id":4233,"href":"https:\/\/kemianseurat.fi\/finntesting\/wp-json\/wp\/v2\/pages\/1540\/revisions\/4233"}],"wp:attachment":[{"href":"https:\/\/kemianseurat.fi\/finntesting\/wp-json\/wp\/v2\/media?parent=1540"}],"curies":[{"name":"wp","href":"https:\/\/api.w.org\/{rel}","templated":true}]}}