{"id":1472,"date":"2019-06-17T10:33:27","date_gmt":"2019-06-17T10:33:27","guid":{"rendered":"http:\/\/kemianseurat.fi\/finntesting\/?page_id=1472"},"modified":"2020-11-29T10:37:17","modified_gmt":"2020-11-29T12:37:17","slug":"mittaustulosten-jaljitettavyys","status":"publish","type":"page","link":"https:\/\/kemianseurat.fi\/finntesting\/mittaustulosten-jaljitettavyys\/","title":{"rendered":"Mittaustulosten j\u00e4ljitett\u00e4vyys"},"content":{"rendered":"<p>Mittaustulosten j\u00e4ljitett\u00e4vyys on oleellinen tekij\u00e4 varmistettaessa, ett\u00e4 eri paikoissa, eri laitteilla ja eri menetelmill\u00e4 tuotetut mittaustulokset olisivat vertailukelpoisia. Jotta tulokset ovat vertailukelpoisia, kaikki yksitt\u00e4iset mittaustulokset tulee olla linkitetty johonkin yhteisesti tunnettuun <a href=\"http:\/\/kemianseurat.fi\/finntesting\/?page_id=2106\"><strong>mittanormaaliin <\/strong><\/a>(SI-mittayksik\u00f6t) tai stabiiliin vertailumateriaaliin (kemia). Metrologinen j\u00e4ljitett\u00e4vyys osoitetaan katkeamattomalla vertailuketjulla tietyst\u00e4 mittauksesta aina suureen SI-yksikk\u00f6\u00f6n asti.<\/p>\n<p>Kansallisen mittanormaalilaboratorion teht\u00e4v\u00e4n\u00e4 on huolehtia SI-mittayksikk\u00f6j\u00e4rjestelm\u00e4n toteutuksesta. Suomessa kansallinen mittanormaalilaboratorio on <a href=\"http:\/\/www.mikes.fi\/\"><strong>VTT MIKES<\/strong><\/a>. Kalibrointien avulla mittanormaalien j\u00e4ljitett\u00e4vyys siirtyy mittanormaalilaboratorioista akkreditoitujen kalibrointilaboratorioiden kautta erilaisten toimijoiden mittalaitteisiin. N\u00e4m\u00e4 <a href=\"http:\/\/kemianseurat.fi\/finntesting\/?page_id=2111\"><strong>kalibroinnit <\/strong><\/a>muodostavat niin sanotun vertailuketjun.<\/p>\n<p>Miten esimerkiksi punnituksen j\u00e4ljitett\u00e4vyys varmistetaan?<\/p>\n<ul>\n<li>Vaa\u2019oille kalibrointitodistukset<\/li>\n<li>Referenssipunnukset kalibroidaan esim. Mittatekniikan keskuksessa (VTT MIKES)<\/li>\n<li>Yrityksen omat k\u00e4ytt\u00f6punnukset, joilla vaa\u2019at tarkistetaan s\u00e4\u00e4nn\u00f6llisesti, kalibroidaan referenssipunnuksia vastaan<\/li>\n<\/ul>\n<h2>OPPAITA<\/h2>\n<p><a href=\"http:\/\/kemianseurat.fi\/finntesting\/wp-content\/uploads\/2019\/06\/Traceability-in-chemical-measurement-Eurachem-CITAC-2019.pdf\">Traceability in chemical measurement\u00a0<\/a> &#8211; A guide to achieving comparable results in chemical measurement (Eurachem\/CITAC, 2019)<\/p>\n<p>Eurachem information leaflet: <a href=\"https:\/\/www.eurachem.org\/images\/stories\/leaflets\/trc\/ECHM_TRC_2019_EN.pdf\">Traceability of Analytical Results (2019)<\/a><\/p>\n","protected":false},"excerpt":{"rendered":"<p>Mittaustulosten j\u00e4ljitett\u00e4vyys on oleellinen tekij\u00e4 varmistettaessa, ett\u00e4 eri paikoissa, eri laitteilla ja eri menetelmill\u00e4 tuotetut mittaustulokset olisivat vertailukelpoisia. Jotta tulokset&hellip;<\/p>\n","protected":false},"author":7,"featured_media":0,"parent":0,"menu_order":0,"comment_status":"closed","ping_status":"closed","template":"","meta":{"footnotes":""},"class_list":["post-1472","page","type-page","status-publish","hentry"],"_links":{"self":[{"href":"https:\/\/kemianseurat.fi\/finntesting\/wp-json\/wp\/v2\/pages\/1472","targetHints":{"allow":["GET"]}}],"collection":[{"href":"https:\/\/kemianseurat.fi\/finntesting\/wp-json\/wp\/v2\/pages"}],"about":[{"href":"https:\/\/kemianseurat.fi\/finntesting\/wp-json\/wp\/v2\/types\/page"}],"author":[{"embeddable":true,"href":"https:\/\/kemianseurat.fi\/finntesting\/wp-json\/wp\/v2\/users\/7"}],"replies":[{"embeddable":true,"href":"https:\/\/kemianseurat.fi\/finntesting\/wp-json\/wp\/v2\/comments?post=1472"}],"version-history":[{"count":11,"href":"https:\/\/kemianseurat.fi\/finntesting\/wp-json\/wp\/v2\/pages\/1472\/revisions"}],"predecessor-version":[{"id":2632,"href":"https:\/\/kemianseurat.fi\/finntesting\/wp-json\/wp\/v2\/pages\/1472\/revisions\/2632"}],"wp:attachment":[{"href":"https:\/\/kemianseurat.fi\/finntesting\/wp-json\/wp\/v2\/media?parent=1472"}],"curies":[{"name":"wp","href":"https:\/\/api.w.org\/{rel}","templated":true}]}}