{"id":1466,"date":"2019-06-17T10:26:16","date_gmt":"2019-06-17T10:26:16","guid":{"rendered":"http:\/\/kemianseurat.fi\/finntesting\/?page_id=1466"},"modified":"2025-11-22T18:56:37","modified_gmt":"2025-11-22T20:56:37","slug":"johdatus-metrologiaan","status":"publish","type":"page","link":"https:\/\/kemianseurat.fi\/finntesting\/johdatus-metrologiaan\/","title":{"rendered":"Johdatus metrologiaan"},"content":{"rendered":"\n<p><\/p>\n\n\n\n<p><strong>Metrologia<\/strong> on tiede, joka tutkii mittaamista ja mittausyksik\u00f6it\u00e4.<\/p>\n\n\n\n<p>Kansainv\u00e4linen yhteisty\u00f6 metrologian alalla tapahtuu <a href=\"https:\/\/www.bipm.org\">BIPM<\/a>:n (<em>Bureau International des Poids et Mesures<\/em>) kautta. Toiminta perustuu kansainv\u00e4liseen yksikk\u00f6\u00adj\u00e4rjestelm\u00e4\u00e4n eli SI-j\u00e4rjestelm\u00e4\u00e4n (ransk. <span lang=\"fr\"><i>Syst\u00e8me international d\u2019unit\u00e9s<\/i><\/span>).<\/p>\n\n\n\n<p>Metrologian keskeisi\u00e4 k\u00e4sitteit\u00e4 ovat<\/p>\n\n\n\n<ul class=\"wp-block-list\">\n<li>mittausep\u00e4varmuus<\/li>\n\n\n\n<li>j\u00e4ljitett\u00e4vyys<\/li>\n\n\n\n<li>kalibrointi<\/li>\n<\/ul>\n\n\n\n<p>Arkip\u00e4iv\u00e4n el\u00e4m\u00e4ss\u00e4 metrologia on ymp\u00e4rill\u00e4mme vaikka emme sit\u00e4 useinkaan mieti. Antaako bensamittari oikean litram\u00e4\u00e4r\u00e4n? Neuvolassa mitataan lapsen paino ja pituus. Ruuvit, mutterit ja koneenosat eiv\u00e4t sovi yhteen automaattisesti sen takia ett\u00e4 standardit vaativat niin, vaan sen takia, ett\u00e4 niiden valmistukseen liittyy mittausty\u00f6t\u00e4.<\/p>\n\n\n\n<h2 class=\"wp-block-heading\" style=\"font-size:20px\">STANDARDEJA<\/h2>\n\n\n\n<p><\/p>\n\n\n\n<p><strong>SFS-opas 99\/AC<\/strong>&nbsp; Kansainv\u00e4linen metrologian sanasto (VIM). Perus- ja yleisk\u00e4sitteet sek\u00e4 niihin liittyv\u00e4t termit<\/p>\n\n\n\n<p><strong>SFS-k\u00e4sikirja 19<\/strong> Metrologian perusk\u00e4sitteet<\/p>\n\n\n\n<h2 class=\"wp-block-heading\" style=\"font-size:20px\">OPPAITA<\/h2>\n\n\n\n<p><\/p>\n\n\n\n<p style=\"font-size:16px\"><a href=\"https:\/\/publications.vtt.fi\/pdf\/technology\/2024\/T428.pdf\"><strong>Kemian metrologia 2024<\/strong><\/a> (Metrologian neuvottelukunta)<\/p>\n\n\n\n<p style=\"font-size:16px\"><a href=\"https:\/\/publications.vtt.fi\/pdf\/technology\/2024\/T429.pdf\"><strong>Kvalitatiivisen kemian metrologia 2024<\/strong><\/a> (Metrologian neuvottelukunta)<\/p>\n\n\n\n<p style=\"font-size:16px\"><a href=\"https:\/\/publications.vtt.fi\/pdf\/technology\/2024\/T429.pdf\"><strong>Mikrobiologisten menetelmien ep\u00e4varmuuden laskeminen 2024<\/strong><\/a> (Metrologian neuvottelukunta)<\/p>\n\n\n\n<p><a href=\"http:\/\/kemianseurat.fi\/finntesting\/wp-content\/uploads\/2019\/06\/Metrologiasta-lyhyesti.pdf\"><strong>Metrologiasta lyhyesti (Mikes, 2008)<\/strong><\/a><\/p>\n\n\n\n<p><a href=\"http:\/\/kemianseurat.fi\/finntesting\/wp-content\/uploads\/2019\/06\/Arkip\u00e4iv\u00e4n-mittauksia.pdf\"><strong>Arkip\u00e4iv\u00e4n mittauksia (Mikes, 2009)<\/strong><\/a><\/p>\n\n\n\n<p><a href=\"http:\/\/kemianseurat.fi\/finntesting\/wp-content\/uploads\/2019\/03\/Laadukkaan-mittaamisen-opas_2011.pdf\"><strong>Laadukkaan mittaamisen perusteet (Mikes, 2011)<\/strong><\/a><\/p>\n\n\n\n<p><a href=\"https:\/\/www.bipm.org\/utils\/common\/documents\/jcgm\/JCGM_200_2012.pdf\"><strong>International Vocabulary of Metrology (VIM, 2012)<\/strong><\/a><\/p>\n\n\n\n<p><a href=\"https:\/\/www.eurachem.org\/images\/stories\/Guides\/pdf\/TAM_2011_Final_web.pdf\"><strong>Terminology in Analytical Measurement &#8211; Introduction to VIM 3 (2011)<\/strong><\/a><\/p>\n\n\n\n<p><a href=\"https:\/\/www.euramet.org\/index.php?eID=tx_securedownloads&amp;p=455&amp;u=0&amp;g=0&amp;t=1637825131&amp;hash=cfd9c4396d780a25e6150cbe2c1803e98476912a&amp;file=Media\/docs\/Publications\/Metrology_in_short_3rd_ed.pdf\"><strong>Metrology \u2013 In short, Euramet, 3<sup>rd<\/sup> edition (2008)<\/strong><\/a><\/p>\n\n\n\n<p><strong>Eurachem information leaflet: <\/strong><a href=\"https:\/\/www.eurachem.org\/images\/stories\/leaflets\/TAM\/intro\/Eurachem_Leaflet_TAM_EN.pdf\">You talk, we understand &#8211; An introduction to terminology in measurement (2015)<\/a><\/p>\n\n\n\n<p><\/p>\n\n\n\n<p><\/p>\n","protected":false},"excerpt":{"rendered":"<p>Metrologia on tiede, joka tutkii mittaamista ja mittausyksik\u00f6it\u00e4. Kansainv\u00e4linen yhteisty\u00f6 metrologian alalla tapahtuu BIPM:n (Bureau International des Poids et Mesures)&hellip;<\/p>\n","protected":false},"author":6,"featured_media":0,"parent":0,"menu_order":0,"comment_status":"closed","ping_status":"closed","template":"","meta":{"footnotes":""},"class_list":["post-1466","page","type-page","status-publish","hentry"],"_links":{"self":[{"href":"https:\/\/kemianseurat.fi\/finntesting\/wp-json\/wp\/v2\/pages\/1466","targetHints":{"allow":["GET"]}}],"collection":[{"href":"https:\/\/kemianseurat.fi\/finntesting\/wp-json\/wp\/v2\/pages"}],"about":[{"href":"https:\/\/kemianseurat.fi\/finntesting\/wp-json\/wp\/v2\/types\/page"}],"author":[{"embeddable":true,"href":"https:\/\/kemianseurat.fi\/finntesting\/wp-json\/wp\/v2\/users\/6"}],"replies":[{"embeddable":true,"href":"https:\/\/kemianseurat.fi\/finntesting\/wp-json\/wp\/v2\/comments?post=1466"}],"version-history":[{"count":22,"href":"https:\/\/kemianseurat.fi\/finntesting\/wp-json\/wp\/v2\/pages\/1466\/revisions"}],"predecessor-version":[{"id":4207,"href":"https:\/\/kemianseurat.fi\/finntesting\/wp-json\/wp\/v2\/pages\/1466\/revisions\/4207"}],"wp:attachment":[{"href":"https:\/\/kemianseurat.fi\/finntesting\/wp-json\/wp\/v2\/media?parent=1466"}],"curies":[{"name":"wp","href":"https:\/\/api.w.org\/{rel}","templated":true}]}}