{"id":1381,"date":"2019-06-17T05:58:22","date_gmt":"2019-06-17T05:58:22","guid":{"rendered":"http:\/\/kemianseurat.fi\/finntesting\/?page_id=1381"},"modified":"2023-10-01T13:00:37","modified_gmt":"2023-10-01T15:00:37","slug":"metrologian-koulutusmateriaalia","status":"publish","type":"page","link":"https:\/\/kemianseurat.fi\/finntesting\/metrologian-koulutusmateriaalia\/","title":{"rendered":"Metrologian koulutusmateriaalia"},"content":{"rendered":"\n<p class=\"has-vivid-red-color has-text-color\"><br><\/p>\n\n\n<p>Seuraavista alaotsikoista l\u00f6yd\u00e4t ajankohtaista tietoa ja koulutusmateriaalia metrologiaan liittyen.<\/p>\n<p><a href=\"http:\/\/kemianseurat.fi\/finntesting\/?page_id=1466\">1. Johdatus metrologiaan<\/a><\/p>\n<p><a href=\"http:\/\/kemianseurat.fi\/finntesting\/?page_id=1472\">2. Mittaustulosten j\u00e4ljitett\u00e4vyys<\/a><\/p>\n<p><a href=\"http:\/\/kemianseurat.fi\/finntesting\/?page_id=1476\">3. Mittausep\u00e4varmuus<\/a><\/p>\n<p><a href=\"http:\/\/kemianseurat.fi\/finntesting\/?page_id=1560\">4. Tilastollinen analyysi<\/a><\/p>\n<p><a href=\"http:\/\/kemianseurat.fi\/finntesting\/?page_id=1540\">5. Analyysimenetelmien validointi<\/a><\/p>\n<p><a href=\"http:\/\/kemianseurat.fi\/finntesting\/?page_id=1543\">6. Referenssimateriaalit<\/a><\/p>\n<p><a href=\"http:\/\/kemianseurat.fi\/finntesting\/?page_id=1546\">7. P\u00e4tevyyskokeet ja vertailumittaukset<\/a><\/p>\n<p><a href=\"http:\/\/kemianseurat.fi\/finntesting\/?page_id=1549\">8. Akkreditointi<\/a><\/p>\n<p><a href=\"https:\/\/kemianseurat.fi\/finntesting\/kansallisten-vertailulaboratorioiden-ohjeita\/\">Kansallisten vertailulaboratorioiden ohjeita<\/a><\/p>","protected":false},"excerpt":{"rendered":"<p>Seuraavista alaotsikoista l\u00f6yd\u00e4t ajankohtaista tietoa ja koulutusmateriaalia metrologiaan liittyen. 1. Johdatus metrologiaan 2. Mittaustulosten j\u00e4ljitett\u00e4vyys 3. Mittausep\u00e4varmuus 4. Tilastollinen analyysi&hellip;<\/p>\n","protected":false},"author":6,"featured_media":0,"parent":0,"menu_order":0,"comment_status":"closed","ping_status":"closed","template":"","meta":{"footnotes":""},"class_list":["post-1381","page","type-page","status-publish","hentry"],"_links":{"self":[{"href":"https:\/\/kemianseurat.fi\/finntesting\/wp-json\/wp\/v2\/pages\/1381","targetHints":{"allow":["GET"]}}],"collection":[{"href":"https:\/\/kemianseurat.fi\/finntesting\/wp-json\/wp\/v2\/pages"}],"about":[{"href":"https:\/\/kemianseurat.fi\/finntesting\/wp-json\/wp\/v2\/types\/page"}],"author":[{"embeddable":true,"href":"https:\/\/kemianseurat.fi\/finntesting\/wp-json\/wp\/v2\/users\/6"}],"replies":[{"embeddable":true,"href":"https:\/\/kemianseurat.fi\/finntesting\/wp-json\/wp\/v2\/comments?post=1381"}],"version-history":[{"count":33,"href":"https:\/\/kemianseurat.fi\/finntesting\/wp-json\/wp\/v2\/pages\/1381\/revisions"}],"predecessor-version":[{"id":3453,"href":"https:\/\/kemianseurat.fi\/finntesting\/wp-json\/wp\/v2\/pages\/1381\/revisions\/3453"}],"wp:attachment":[{"href":"https:\/\/kemianseurat.fi\/finntesting\/wp-json\/wp\/v2\/media?parent=1381"}],"curies":[{"name":"wp","href":"https:\/\/api.w.org\/{rel}","templated":true}]}}