{"id":1375,"date":"2019-06-17T05:57:30","date_gmt":"2019-06-17T05:57:30","guid":{"rendered":"http:\/\/kemianseurat.fi\/finntesting\/?page_id=1375"},"modified":"2025-11-22T17:49:54","modified_gmt":"2025-11-22T19:49:54","slug":"tietoa-yhdistyksesta","status":"publish","type":"page","link":"https:\/\/kemianseurat.fi\/finntesting\/tietoa-yhdistyksesta\/","title":{"rendered":"Tietoa yhdistyksest\u00e4"},"content":{"rendered":"<p>Finntesting-yhdistys on eurooppalaisten yhteistoimintaelinten<span style=\"color: #3366ff;\"><strong> <a style=\"color: #3366ff;\" href=\"http:\/\/www.eurolab.org\/\">Eurolab<\/a> <\/strong><\/span>ja <a href=\"https:\/\/www.eurachem.org\/\"><strong><span style=\"color: #3366ff;\">Eurachem<\/span><\/strong><\/a> suomalainen j\u00e4senyhdistys sek\u00e4 maailmanlaajuisen kemiallisten mittausten j\u00e4ljitett\u00e4vyyden parantamiseen pyrkiv\u00e4n <span style=\"color: #3366ff;\"><a style=\"color: #3366ff;\" href=\"http:\/\/www.citac.cc\/\"><strong>CITAC<\/strong><\/a><\/span> j\u00e4sen. Yhdistyksell\u00e4 on lis\u00e4ksi jaostoasema\u00a0<span style=\"color: #3366ff;\"><a style=\"color: #3366ff;\" href=\"https:\/\/kemianseurat.fi\/\"><strong>Suomen Kemian Seuroissa<\/strong>.<\/a><\/span><\/p>\n<div><span style=\"font-size: inherit;\">Finntesting -yhdistys ry haluaa lis\u00e4t\u00e4 Suomessa tietoisuutta laadunvarmistukseen sek\u00e4 laatu-, ymp\u00e4rist\u00f6- ja turvallisuusjohtamiseen liittyvist\u00e4 uusista toimintatavoista ja k\u00e4sitteist\u00e4.<\/span><\/div>\n<div>\n<p><strong>Finntesting edist\u00e4\u00e4<\/strong><\/p>\n<ul>\n<li>suomalaisten testausalan organisaatioiden ja yritysten mahdollisuuksia saada tietoa alan kansainv\u00e4lisist\u00e4 yhteishankkeista sek\u00e4 parantaa mahdollisuuksia vaikuttaa ja osallistua niihin<\/li>\n<li>testaus- ja kalibrointilaboratorioiden ammatillista osaamista ja yhteydenpitoa sidosryhmiins\u00e4 kansallisesti ja kansainv\u00e4lisesti<\/li>\n<li>testaustulosten vastavuoroista hyv\u00e4ksymist\u00e4 sek\u00e4 luotettavaa ja tehokasta testaustoimintaa niin kansallisella kuin kansainv\u00e4lisell\u00e4kin tasolla<\/li>\n<\/ul>\n<\/div>\n\n\n<p style=\"font-size:18px\"><strong><a href=\"https:\/\/kemianseurat.fi\/finntesting\/wp-content\/uploads\/2025\/11\/Finntesting_Tietosuojailmoitus.pdf\" data-type=\"attachment\" data-id=\"4074\">Tietosuojailmoitus<\/a><\/strong><\/p>\n\n\n\n<p><\/p>\n\n\n\n<p class=\"has-medium-font-size\"><strong><a href=\"https:\/\/kemianseurat.fi\/finntesting\/wp-content\/uploads\/2024\/02\/FINNTESTING_SAANNOT.pdf\" data-type=\"link\" data-id=\"https:\/\/kemianseurat.fi\/finntesting\/wp-content\/uploads\/2024\/02\/FINNTESTING_SAANNOT.pdf\">Yhdistyksen s\u00e4\u00e4nn\u00f6t<\/a><\/strong><\/p>\n\n\n\n<p><\/p>\n\n\n\n<p><\/p>\n\n\n\n<h4 class=\"wp-block-heading\">Yhdistyksen hallitus<\/h4>\n\n\n\n<p><b>Puheenjohtaja<\/b> Teemu N\u00e4ykki, SYKE<br>\nteemu.naykki(at)syke.fi<br>\n<br>\n<b>Varapuheenjohtaja<\/b> Mia Ruism\u00e4ki, Metropolia AMK<br>\nmia.ruismaki(at)metropolia.fi<\/p><p><\/p><br>\n<b>Sihteeri<\/b> Marja-Leena Kuitunen<br>\nmarja-leena.kuitunen(at)alumni.helsinki.fi<br>\n<br>\nTimo Hirvi<br>\ntimokthirvi@gmail.com<br>\n<br>\nMatti Lanu<br>\nmatti.lanu(at)live.fi<br>\n<br>\nToni Laurila, Sensmet Oy<br>\ntoni.laurila(at)sensmet.com<br>\n<br>\nHanna Niemikoski, SYKE<br>\nhanna.niemikoski(at)syke.fi<br>\n<br>\nJanne Nieminen, Ruokavirasto<br>\njanne.nieminen(at)ruokavirasto.fi<br>\n<br>\nJari Nuutinen, SYKE<br>\njari.nuutinen(at)syke.fi<br>\n<br>\nKatri Matveinen<br>\nkatri.matveinen(at)welho.com<br>\n<br>\nAnna-Liisa Pikkarainen<br>\nalpikka(at)welho.com<br><\/ul>\n<br>\nPirjo Sainio<br>\npirjo.sainio(at)tulli.fi<br><\/ul>\n\n\n\n<p><\/p>\n\n\n\n<p><\/p>\n\n\n\n<p><strong>Finntesting yhdistyksen edustajat kansainv\u00e4lisiss\u00e4 ty\u00f6ryhmiss\u00e4:<\/strong><\/p>\n\n\n\n<p><strong>Eurachem<\/strong><\/p>\n\n\n\n<ul class=\"wp-block-list\">\n<li>Eurachem General Assembly, Anna-Liisa Pikkarainen ja Teemu N\u00e4ykki<\/li>\n\n\n\n<li>Eurachem Executive Committee, Anna-Liisa Pikkarainen<\/li>\n\n\n\n<li>Measurement Uncertainty and Traceability Working Group, Teemu N\u00e4ykki<\/li>\n\n\n\n<li>Proficiency Testing Working Group, Riitta Koivikko<\/li>\n\n\n\n<li>Method Validation Working Group, Ei j\u00e4sent\u00e4<\/li>\n\n\n\n<li>Education and Training Working Group, Ei j\u00e4sent\u00e4<\/li>\n\n\n\n<li>Qualitative Analysis Working Group, Katri Matveinen<\/li>\n<\/ul>\n\n\n\n<p><strong>Eurolab<\/strong><\/p>\n\n\n\n<ul class=\"wp-block-list\">\n<li>Eurolab General Assembly, Matti Lanu ja Janne Nieminen<\/li>\n<\/ul>\n\n\n\n<p><strong>CITAC (Cooperation on International Traceability in Analytical Chemistry)<\/strong><\/p>\n\n\n\n<ul class=\"wp-block-list\">\n<li>Teemu N\u00e4ykki<\/li>\n<\/ul>\n\n\n\n<p><strong>Finntesting yhdistyksen edustajat kotimaisissa seuroissa ja ty\u00f6ryhmiss\u00e4<\/strong><\/p>\n\n\n\n<p><\/p>\n\n\n\n<ul class=\"wp-block-list\">\n<li>Suomalaisten Kemistien Seuran hallitus. Janne Nieminen<\/li>\n\n\n\n<li>Finntesting on Suomalaisten Kemistien Seuran jaosto<\/li>\n<\/ul>\n\n\n<h4><a href=\"https:\/\/kemianseurat.fi\/finntesting\/?page_id=26\"><span style=\"color: #339966;\"><strong>Yritys- ja yhteis\u00f6j\u00e4senet<\/strong><\/span><\/a><\/h4>\n<h4><a href=\"http:\/\/kemianseurat.fi\/finntesting\/?page_id=1572\"><span style=\"color: #339966;\">Yhdistyksen <\/span><strong><span style=\"color: #0000ff;\"><span style=\"color: #339966;\">arkisto<\/span><\/span><\/strong><\/a><\/h4>\n\n\n<p><\/p>\n","protected":false},"excerpt":{"rendered":"<p>Finntesting-yhdistys on eurooppalaisten yhteistoimintaelinten Eurolab ja Eurachem suomalainen j\u00e4senyhdistys sek\u00e4 maailmanlaajuisen kemiallisten mittausten j\u00e4ljitett\u00e4vyyden parantamiseen pyrkiv\u00e4n CITAC j\u00e4sen. Yhdistyksell\u00e4 on&hellip;<\/p>\n","protected":false},"author":6,"featured_media":0,"parent":0,"menu_order":0,"comment_status":"closed","ping_status":"closed","template":"","meta":{"footnotes":""},"class_list":["post-1375","page","type-page","status-publish","hentry"],"_links":{"self":[{"href":"https:\/\/kemianseurat.fi\/finntesting\/wp-json\/wp\/v2\/pages\/1375","targetHints":{"allow":["GET"]}}],"collection":[{"href":"https:\/\/kemianseurat.fi\/finntesting\/wp-json\/wp\/v2\/pages"}],"about":[{"href":"https:\/\/kemianseurat.fi\/finntesting\/wp-json\/wp\/v2\/types\/page"}],"author":[{"embeddable":true,"href":"https:\/\/kemianseurat.fi\/finntesting\/wp-json\/wp\/v2\/users\/6"}],"replies":[{"embeddable":true,"href":"https:\/\/kemianseurat.fi\/finntesting\/wp-json\/wp\/v2\/comments?post=1375"}],"version-history":[{"count":125,"href":"https:\/\/kemianseurat.fi\/finntesting\/wp-json\/wp\/v2\/pages\/1375\/revisions"}],"predecessor-version":[{"id":4180,"href":"https:\/\/kemianseurat.fi\/finntesting\/wp-json\/wp\/v2\/pages\/1375\/revisions\/4180"}],"wp:attachment":[{"href":"https:\/\/kemianseurat.fi\/finntesting\/wp-json\/wp\/v2\/media?parent=1375"}],"curies":[{"name":"wp","href":"https:\/\/api.w.org\/{rel}","templated":true}]}}