{"id":1363,"date":"2019-06-17T05:52:31","date_gmt":"2019-06-17T05:52:31","guid":{"rendered":"http:\/\/kemianseurat.fi\/finntesting\/?page_id=1363"},"modified":"2024-05-05T15:59:46","modified_gmt":"2024-05-05T17:59:46","slug":"ajankohtaista-2","status":"publish","type":"page","link":"https:\/\/kemianseurat.fi\/finntesting\/ajankohtaista-2\/","title":{"rendered":"Ajankohtaista"},"content":{"rendered":"\n\t<div class=\"wpnawfree-plugin news-clearfix \" id=\"wpnw-news-1\">\r\n\r\n\t\t\r\n\t\t\t<div id=\"post-4418\" class=\"news type-news wpnaw-blog-class has-date news-col-4 wpnaw-first\">\r\n\t\t\t\t<div class=\"news-inner-wrap-view news-clearfix \">\r\n\r\n\t\t\t\t\t\t\t\t\t\t<div class=\"news-thumb\">\r\n\t\t\t\t\t\t\t\t\t\t\t\t\t<div class=\"grid-news-thumb\">\r\n\t\t\t\t\t\t\t\t<a href=\"https:\/\/kemianseurat.fi\/finntesting\/news\/eun-pakkaus-ja-pakkausjateasetusta-ppwr-elintarviketurvallisuuden-nakokulmasta-kasitteleva-webinaari-11-5-2026\/\"><img loading=\"lazy\" decoding=\"async\" width=\"688\" height=\"387\" src=\"https:\/\/kemianseurat.fi\/finntesting\/wp-content\/uploads\/2026\/04\/2026_ScreenFood-webinaari-768x432.jpg\" class=\"attachment-medium_large size-medium_large wp-post-image\" alt=\"\" srcset=\"https:\/\/kemianseurat.fi\/finntesting\/wp-content\/uploads\/2026\/04\/2026_ScreenFood-webinaari-768x432.jpg 768w, https:\/\/kemianseurat.fi\/finntesting\/wp-content\/uploads\/2026\/04\/2026_ScreenFood-webinaari-300x169.jpg 300w, https:\/\/kemianseurat.fi\/finntesting\/wp-content\/uploads\/2026\/04\/2026_ScreenFood-webinaari.jpg 1020w\" sizes=\"auto, (max-width: 688px) 100vw, 688px\" \/><\/a>\r\n\t\t\t\t\t\t\t<\/div>\r\n\t\t\t\t\t\t\t\t\t\t\t<\/div>\r\n\t\t\t\t\t\r\n\t\t\t\t\t<div class=\"news-content\">\r\n\t\t\t\t\t\t\t\t\t\t\t\t\t<div class=\"grid-date-post\">\r\n\t\t\t\t\t\t\t\t21 huhtikuun, 2026\t\t\t\t\t\t\t<\/div>\r\n\t\t\t\t\t\t\r\n\t\t\t\t\t\t<div class=\"post-content-text\">\r\n\t\t\t\t\t\t\t<h3 class=\"news-title\"><a href=\"https:\/\/kemianseurat.fi\/finntesting\/news\/eun-pakkaus-ja-pakkausjateasetusta-ppwr-elintarviketurvallisuuden-nakokulmasta-kasitteleva-webinaari-11-5-2026\/\" rel=\"bookmark\">EU:n pakkaus- ja pakkausj\u00e4teasetusta (PPWR) elintarviketurvallisuuden n\u00e4k\u00f6kulmasta k\u00e4sittelev\u00e4 webinaari 11.5.2026<\/a><\/h3>\t\t\t\t\t\t\t\t<div class=\"news-content-excerpt\">\r\n\t\t\t\t\t\t\t\t\t\t\t\t\t\t\t\t\t\t\t<div class=\"news-short-content\">\r\n\t\t\t\t\t\t\t\t\t\t\tMaanantai, 11.5. 2026, klo 10.00\u201312.00 CET EU:n ScreenFood -projektin konsortio j\u00e4rjest\u00e4\u00e4 vuonna 2026 webinaarisarjan, joka keskittyy pakkaus- ja pakkausj\u00e4teasetukseen (PPWR,...\t\t\t\t\t\t\t\t\t\t<\/div>\r\n\t\t\t\t\t\t\t\t\t\t<a href=\"https:\/\/kemianseurat.fi\/finntesting\/news\/eun-pakkaus-ja-pakkausjateasetusta-ppwr-elintarviketurvallisuuden-nakokulmasta-kasitteleva-webinaari-11-5-2026\/\" class=\"news-more-link\">Read More<\/a>\r\n\t\t\t\t\t\t\t\t\t\t\t\t\t\t\t\t\t<\/div><!-- .entry-content -->\r\n\t\t\t\t\t\t\t\t\t\t\t\t\t<\/div>\r\n\t\t\t\t\t<\/div>\r\n\t\t\t\t<\/div><!-- #post-## -->\r\n\t\t\t<\/div><!-- #post-## -->\r\n\t\t\r\n\t\t\t<div id=\"post-4412\" class=\"news type-news wpnaw-blog-class has-date news-col-4\">\r\n\t\t\t\t<div class=\"news-inner-wrap-view news-clearfix \">\r\n\r\n\t\t\t\t\t\t\t\t\t\t<div class=\"news-thumb\">\r\n\t\t\t\t\t\t\t\t\t\t\t\t\t<div class=\"grid-news-thumb\">\r\n\t\t\t\t\t\t\t\t<a href=\"https:\/\/kemianseurat.fi\/finntesting\/news\/eurachem-viikko-lissabonissa-portugalissa-10-13-5-2026\/\"><img loading=\"lazy\" decoding=\"async\" width=\"688\" height=\"387\" src=\"https:\/\/kemianseurat.fi\/finntesting\/wp-content\/uploads\/2026\/04\/2026_Eurachem-viikko-768x432.jpg\" class=\"attachment-medium_large size-medium_large wp-post-image\" alt=\"\" srcset=\"https:\/\/kemianseurat.fi\/finntesting\/wp-content\/uploads\/2026\/04\/2026_Eurachem-viikko-768x432.jpg 768w, https:\/\/kemianseurat.fi\/finntesting\/wp-content\/uploads\/2026\/04\/2026_Eurachem-viikko-300x169.jpg 300w, https:\/\/kemianseurat.fi\/finntesting\/wp-content\/uploads\/2026\/04\/2026_Eurachem-viikko.jpg 1020w\" sizes=\"auto, (max-width: 688px) 100vw, 688px\" \/><\/a>\r\n\t\t\t\t\t\t\t<\/div>\r\n\t\t\t\t\t\t\t\t\t\t\t<\/div>\r\n\t\t\t\t\t\r\n\t\t\t\t\t<div class=\"news-content\">\r\n\t\t\t\t\t\t\t\t\t\t\t\t\t<div class=\"grid-date-post\">\r\n\t\t\t\t\t\t\t\t21 huhtikuun, 2026\t\t\t\t\t\t\t<\/div>\r\n\t\t\t\t\t\t\r\n\t\t\t\t\t\t<div class=\"post-content-text\">\r\n\t\t\t\t\t\t\t<h3 class=\"news-title\"><a href=\"https:\/\/kemianseurat.fi\/finntesting\/news\/eurachem-viikko-lissabonissa-portugalissa-10-13-5-2026\/\" rel=\"bookmark\">EURACHEM-viikko Lissabonissa Portugalissa 10.-13.5.2026<\/a><\/h3>\t\t\t\t\t\t\t\t<div class=\"news-content-excerpt\">\r\n\t\t\t\t\t\t\t\t\t\t\t\t\t\t\t\t\t\t\t<div class=\"news-short-content\">\r\n\t\t\t\t\t\t\t\t\t\t\tEURACHEM:in 2026 yleiskokouksen yhteydess\u00e4 j\u00e4rjestet\u00e4\u00e4n Lissabonissa Portugalissa 1. EURACHEM-koulutusp\u00e4iv\u00e4 mittausep\u00e4varmuuden arvioinnista: Evaluation of the measurement uncertainty from in-house precision and...\t\t\t\t\t\t\t\t\t\t<\/div>\r\n\t\t\t\t\t\t\t\t\t\t<a href=\"https:\/\/kemianseurat.fi\/finntesting\/news\/eurachem-viikko-lissabonissa-portugalissa-10-13-5-2026\/\" class=\"news-more-link\">Read More<\/a>\r\n\t\t\t\t\t\t\t\t\t\t\t\t\t\t\t\t\t<\/div><!-- .entry-content -->\r\n\t\t\t\t\t\t\t\t\t\t\t\t\t<\/div>\r\n\t\t\t\t\t<\/div>\r\n\t\t\t\t<\/div><!-- #post-## -->\r\n\t\t\t<\/div><!-- #post-## -->\r\n\t\t\r\n\t\t\t<div id=\"post-4406\" class=\"news type-news wpnaw-blog-class has-date news-col-4\">\r\n\t\t\t\t<div class=\"news-inner-wrap-view news-clearfix \">\r\n\r\n\t\t\t\t\t\t\t\t\t\t<div class=\"news-thumb\">\r\n\t\t\t\t\t\t\t\t\t\t\t\t\t<div class=\"grid-news-thumb\">\r\n\t\t\t\t\t\t\t\t<a href=\"https:\/\/kemianseurat.fi\/finntesting\/news\/echan-webinaari-pfas-yhdisteiden-rajoittamisesta-7-5-2026\/\"><img loading=\"lazy\" decoding=\"async\" width=\"688\" height=\"387\" src=\"https:\/\/kemianseurat.fi\/finntesting\/wp-content\/uploads\/2026\/04\/2026_ECHAwebinaari-768x432.jpg\" class=\"attachment-medium_large size-medium_large wp-post-image\" alt=\"\" srcset=\"https:\/\/kemianseurat.fi\/finntesting\/wp-content\/uploads\/2026\/04\/2026_ECHAwebinaari-768x432.jpg 768w, https:\/\/kemianseurat.fi\/finntesting\/wp-content\/uploads\/2026\/04\/2026_ECHAwebinaari-300x169.jpg 300w, https:\/\/kemianseurat.fi\/finntesting\/wp-content\/uploads\/2026\/04\/2026_ECHAwebinaari.jpg 1020w\" sizes=\"auto, (max-width: 688px) 100vw, 688px\" \/><\/a>\r\n\t\t\t\t\t\t\t<\/div>\r\n\t\t\t\t\t\t\t\t\t\t\t<\/div>\r\n\t\t\t\t\t\r\n\t\t\t\t\t<div class=\"news-content\">\r\n\t\t\t\t\t\t\t\t\t\t\t\t\t<div class=\"grid-date-post\">\r\n\t\t\t\t\t\t\t\t21 huhtikuun, 2026\t\t\t\t\t\t\t<\/div>\r\n\t\t\t\t\t\t\r\n\t\t\t\t\t\t<div class=\"post-content-text\">\r\n\t\t\t\t\t\t\t<h3 class=\"news-title\"><a href=\"https:\/\/kemianseurat.fi\/finntesting\/news\/echan-webinaari-pfas-yhdisteiden-rajoittamisesta-7-5-2026\/\" rel=\"bookmark\">ECHAn webinaari PFAS-yhdisteiden rajoittamisesta 7.5.2026<\/a><\/h3>\t\t\t\t\t\t\t\t<div class=\"news-content-excerpt\">\r\n\t\t\t\t\t\t\t\t\t\t\t\t\t\t\t\t\t\t\t<div class=\"news-short-content\">\r\n\t\t\t\t\t\t\t\t\t\t\tEuroopan kemikaalivirasto (ECHA) j\u00e4rjest\u00e4\u00e4 webinaarin 7.5.2026 klo 11.00-12.40 (Helsinki) PFAS-yhdisteiden (per- ja polyfluoratut alkyyliyhdisteet) rajoittamisesta: Road to 2026: General Requirements...\t\t\t\t\t\t\t\t\t\t<\/div>\r\n\t\t\t\t\t\t\t\t\t\t<a href=\"https:\/\/kemianseurat.fi\/finntesting\/news\/echan-webinaari-pfas-yhdisteiden-rajoittamisesta-7-5-2026\/\" class=\"news-more-link\">Read More<\/a>\r\n\t\t\t\t\t\t\t\t\t\t\t\t\t\t\t\t\t<\/div><!-- .entry-content -->\r\n\t\t\t\t\t\t\t\t\t\t\t\t\t<\/div>\r\n\t\t\t\t\t<\/div>\r\n\t\t\t\t<\/div><!-- #post-## -->\r\n\t\t\t<\/div><!-- #post-## -->\r\n\t\t\r\n\t\t\t<div id=\"post-4401\" class=\"news type-news wpnaw-blog-class has-date news-col-4 wpnaw-last\">\r\n\t\t\t\t<div class=\"news-inner-wrap-view news-clearfix \">\r\n\r\n\t\t\t\t\t\t\t\t\t\t<div class=\"news-thumb\">\r\n\t\t\t\t\t\t\t\t\t\t\t\t\t<div class=\"grid-news-thumb\">\r\n\t\t\t\t\t\t\t\t<a href=\"https:\/\/kemianseurat.fi\/finntesting\/news\/eurachemin-webinaari-28-4-2026-kayttotarkoitukseen-soveltuvuutta-kasittelevasta-oppaasta\/\"><img loading=\"lazy\" decoding=\"async\" width=\"688\" height=\"387\" src=\"https:\/\/kemianseurat.fi\/finntesting\/wp-content\/uploads\/2026\/04\/2026_Eurachem-webinaari-768x432.jpg\" class=\"attachment-medium_large size-medium_large wp-post-image\" alt=\"\" srcset=\"https:\/\/kemianseurat.fi\/finntesting\/wp-content\/uploads\/2026\/04\/2026_Eurachem-webinaari-768x432.jpg 768w, https:\/\/kemianseurat.fi\/finntesting\/wp-content\/uploads\/2026\/04\/2026_Eurachem-webinaari-300x169.jpg 300w, https:\/\/kemianseurat.fi\/finntesting\/wp-content\/uploads\/2026\/04\/2026_Eurachem-webinaari.jpg 1020w\" sizes=\"auto, (max-width: 688px) 100vw, 688px\" \/><\/a>\r\n\t\t\t\t\t\t\t<\/div>\r\n\t\t\t\t\t\t\t\t\t\t\t<\/div>\r\n\t\t\t\t\t\r\n\t\t\t\t\t<div class=\"news-content\">\r\n\t\t\t\t\t\t\t\t\t\t\t\t\t<div class=\"grid-date-post\">\r\n\t\t\t\t\t\t\t\t21 huhtikuun, 2026\t\t\t\t\t\t\t<\/div>\r\n\t\t\t\t\t\t\r\n\t\t\t\t\t\t<div class=\"post-content-text\">\r\n\t\t\t\t\t\t\t<h3 class=\"news-title\"><a href=\"https:\/\/kemianseurat.fi\/finntesting\/news\/eurachemin-webinaari-28-4-2026-kayttotarkoitukseen-soveltuvuutta-kasittelevasta-oppaasta\/\" rel=\"bookmark\">Eurachemin webinaari k\u00e4ytt\u00f6tarkoitukseen soveltuvuutta k\u00e4sittelev\u00e4st\u00e4 oppaasta 28.4.2026<\/a><\/h3>\t\t\t\t\t\t\t\t<div class=\"news-content-excerpt\">\r\n\t\t\t\t\t\t\t\t\t\t\t\t\t\t\t\t\t\t\t<div class=\"news-short-content\">\r\n\t\t\t\t\t\t\t\t\t\t\tEurachemin menetelm\u00e4validointity\u00f6ryhm\u00e4n webinaari Ensuring Analytical Excellence \u2013 The Eurachem Fitness for Purpose Guide, 3rd\u00a0edition, for method validation and verification j\u00e4rjestet\u00e4\u00e4n...\t\t\t\t\t\t\t\t\t\t<\/div>\r\n\t\t\t\t\t\t\t\t\t\t<a href=\"https:\/\/kemianseurat.fi\/finntesting\/news\/eurachemin-webinaari-28-4-2026-kayttotarkoitukseen-soveltuvuutta-kasittelevasta-oppaasta\/\" class=\"news-more-link\">Read More<\/a>\r\n\t\t\t\t\t\t\t\t\t\t\t\t\t\t\t\t\t<\/div><!-- .entry-content -->\r\n\t\t\t\t\t\t\t\t\t\t\t\t\t<\/div>\r\n\t\t\t\t\t<\/div>\r\n\t\t\t\t<\/div><!-- #post-## -->\r\n\t\t\t<\/div><!-- #post-## -->\r\n\t\t\r\n\t\t\t<div id=\"post-4397\" class=\"news type-news wpnaw-blog-class has-date news-col-4 wpnaw-first\">\r\n\t\t\t\t<div class=\"news-inner-wrap-view news-clearfix \">\r\n\r\n\t\t\t\t\t\t\t\t\t\t<div class=\"news-thumb\">\r\n\t\t\t\t\t\t\t\t\t\t\t\t\t<div class=\"grid-news-thumb\">\r\n\t\t\t\t\t\t\t\t<a href=\"https:\/\/kemianseurat.fi\/finntesting\/news\/tutustu-eurolabin-vuoden-2026-ensimmaiseen-uutiskirjeeseen\/\"><img loading=\"lazy\" decoding=\"async\" width=\"688\" height=\"387\" src=\"https:\/\/kemianseurat.fi\/finntesting\/wp-content\/uploads\/2024\/11\/Eurolab_yleinen-768x432.jpg\" class=\"attachment-medium_large size-medium_large wp-post-image\" alt=\"\" srcset=\"https:\/\/kemianseurat.fi\/finntesting\/wp-content\/uploads\/2024\/11\/Eurolab_yleinen-768x432.jpg 768w, https:\/\/kemianseurat.fi\/finntesting\/wp-content\/uploads\/2024\/11\/Eurolab_yleinen-300x169.jpg 300w, https:\/\/kemianseurat.fi\/finntesting\/wp-content\/uploads\/2024\/11\/Eurolab_yleinen.jpg 1020w\" sizes=\"auto, (max-width: 688px) 100vw, 688px\" \/><\/a>\r\n\t\t\t\t\t\t\t<\/div>\r\n\t\t\t\t\t\t\t\t\t\t\t<\/div>\r\n\t\t\t\t\t\r\n\t\t\t\t\t<div class=\"news-content\">\r\n\t\t\t\t\t\t\t\t\t\t\t\t\t<div class=\"grid-date-post\">\r\n\t\t\t\t\t\t\t\t21 huhtikuun, 2026\t\t\t\t\t\t\t<\/div>\r\n\t\t\t\t\t\t\r\n\t\t\t\t\t\t<div class=\"post-content-text\">\r\n\t\t\t\t\t\t\t<h3 class=\"news-title\"><a href=\"https:\/\/kemianseurat.fi\/finntesting\/news\/tutustu-eurolabin-vuoden-2026-ensimmaiseen-uutiskirjeeseen\/\" rel=\"bookmark\">Tutustu EUROLABin vuoden 2026 ensimm\u00e4iseen uutiskirjeeseen<\/a><\/h3>\t\t\t\t\t\t\t\t<div class=\"news-content-excerpt\">\r\n\t\t\t\t\t\t\t\t\t\t\t\t\t\t\t\t\t\t\t<div class=\"news-short-content\">\r\n\t\t\t\t\t\t\t\t\t\t\tEUROLABin vuoden 2026 uutiskirjeen 1 voit lukea T\u00c4ST\u00c4\t\t\t\t\t\t\t\t\t\t<\/div>\r\n\t\t\t\t\t\t\t\t\t\t<a href=\"https:\/\/kemianseurat.fi\/finntesting\/news\/tutustu-eurolabin-vuoden-2026-ensimmaiseen-uutiskirjeeseen\/\" class=\"news-more-link\">Read More<\/a>\r\n\t\t\t\t\t\t\t\t\t\t\t\t\t\t\t\t\t<\/div><!-- .entry-content -->\r\n\t\t\t\t\t\t\t\t\t\t\t\t\t<\/div>\r\n\t\t\t\t\t<\/div>\r\n\t\t\t\t<\/div><!-- #post-## -->\r\n\t\t\t<\/div><!-- #post-## -->\r\n\t\t\r\n\t\t\t<div id=\"post-4386\" class=\"news type-news wpnaw-blog-class has-date news-col-4\">\r\n\t\t\t\t<div class=\"news-inner-wrap-view news-clearfix \">\r\n\r\n\t\t\t\t\t\t\t\t\t\t<div class=\"news-thumb\">\r\n\t\t\t\t\t\t\t\t\t\t\t\t\t<div class=\"grid-news-thumb\">\r\n\t\t\t\t\t\t\t\t<a href=\"https:\/\/kemianseurat.fi\/finntesting\/news\/euracemin-akkreditointiopas-paivitetty\/\"><img loading=\"lazy\" decoding=\"async\" width=\"688\" height=\"387\" src=\"https:\/\/kemianseurat.fi\/finntesting\/wp-content\/uploads\/2026\/04\/2026_Eurachem-ohje-4-painos-768x432.jpg\" class=\"attachment-medium_large size-medium_large wp-post-image\" alt=\"\" srcset=\"https:\/\/kemianseurat.fi\/finntesting\/wp-content\/uploads\/2026\/04\/2026_Eurachem-ohje-4-painos-768x432.jpg 768w, https:\/\/kemianseurat.fi\/finntesting\/wp-content\/uploads\/2026\/04\/2026_Eurachem-ohje-4-painos-300x169.jpg 300w, https:\/\/kemianseurat.fi\/finntesting\/wp-content\/uploads\/2026\/04\/2026_Eurachem-ohje-4-painos.jpg 1020w\" sizes=\"auto, (max-width: 688px) 100vw, 688px\" \/><\/a>\r\n\t\t\t\t\t\t\t<\/div>\r\n\t\t\t\t\t\t\t\t\t\t\t<\/div>\r\n\t\t\t\t\t\r\n\t\t\t\t\t<div class=\"news-content\">\r\n\t\t\t\t\t\t\t\t\t\t\t\t\t<div class=\"grid-date-post\">\r\n\t\t\t\t\t\t\t\t18 huhtikuun, 2026\t\t\t\t\t\t\t<\/div>\r\n\t\t\t\t\t\t\r\n\t\t\t\t\t\t<div class=\"post-content-text\">\r\n\t\t\t\t\t\t\t<h3 class=\"news-title\"><a href=\"https:\/\/kemianseurat.fi\/finntesting\/news\/euracemin-akkreditointiopas-paivitetty\/\" rel=\"bookmark\">EURACHEMIN akkreditointiopas p\u00e4ivitetty<\/a><\/h3>\t\t\t\t\t\t\t\t<div class=\"news-content-excerpt\">\r\n\t\t\t\t\t\t\t\t\t\t\t\t\t\t\t\t\t\t\t<div class=\"news-short-content\">\r\n\t\t\t\t\t\t\t\t\t\t\tEURACHEM on julkaissut nelj\u00e4nnen painoksen analyyttisen kemian laatuoppaastaan: Guide to Quality in Analytical Chemistry Opas auttaa analyyttisen kemian laboratorioiden akkreditoinnissa....\t\t\t\t\t\t\t\t\t\t<\/div>\r\n\t\t\t\t\t\t\t\t\t\t<a href=\"https:\/\/kemianseurat.fi\/finntesting\/news\/euracemin-akkreditointiopas-paivitetty\/\" class=\"news-more-link\">Read More<\/a>\r\n\t\t\t\t\t\t\t\t\t\t\t\t\t\t\t\t\t<\/div><!-- .entry-content -->\r\n\t\t\t\t\t\t\t\t\t\t\t\t\t<\/div>\r\n\t\t\t\t\t<\/div>\r\n\t\t\t\t<\/div><!-- #post-## -->\r\n\t\t\t<\/div><!-- #post-## -->\r\n\t\t\r\n\t\t\t<div id=\"post-4369\" class=\"news type-news wpnaw-blog-class has-date news-col-4\">\r\n\t\t\t\t<div class=\"news-inner-wrap-view news-clearfix \">\r\n\r\n\t\t\t\t\t\t\t\t\t\t<div class=\"news-thumb\">\r\n\t\t\t\t\t\t\t\t\t\t\t\t\t<div class=\"grid-news-thumb\">\r\n\t\t\t\t\t\t\t\t<a href=\"https:\/\/kemianseurat.fi\/finntesting\/news\/finntesting-2025-opinnaytetyot-haettavissa\/\"><img loading=\"lazy\" decoding=\"async\" width=\"688\" height=\"387\" src=\"https:\/\/kemianseurat.fi\/finntesting\/wp-content\/uploads\/2026\/03\/2025_Palkinnot_haettavissa-768x432.jpg\" class=\"attachment-medium_large size-medium_large wp-post-image\" alt=\"\" srcset=\"https:\/\/kemianseurat.fi\/finntesting\/wp-content\/uploads\/2026\/03\/2025_Palkinnot_haettavissa-768x432.jpg 768w, https:\/\/kemianseurat.fi\/finntesting\/wp-content\/uploads\/2026\/03\/2025_Palkinnot_haettavissa-300x169.jpg 300w, https:\/\/kemianseurat.fi\/finntesting\/wp-content\/uploads\/2026\/03\/2025_Palkinnot_haettavissa.jpg 1020w\" sizes=\"auto, (max-width: 688px) 100vw, 688px\" \/><\/a>\r\n\t\t\t\t\t\t\t<\/div>\r\n\t\t\t\t\t\t\t\t\t\t\t<\/div>\r\n\t\t\t\t\t\r\n\t\t\t\t\t<div class=\"news-content\">\r\n\t\t\t\t\t\t\t\t\t\t\t\t\t<div class=\"grid-date-post\">\r\n\t\t\t\t\t\t\t\t29 maaliskuun, 2026\t\t\t\t\t\t\t<\/div>\r\n\t\t\t\t\t\t\r\n\t\t\t\t\t\t<div class=\"post-content-text\">\r\n\t\t\t\t\t\t\t<h3 class=\"news-title\"><a href=\"https:\/\/kemianseurat.fi\/finntesting\/news\/finntesting-2025-opinnaytetyot-haettavissa\/\" rel=\"bookmark\">Finntesting 2025 opinn\u00e4ytety\u00f6t haettavissa<\/a><\/h3>\t\t\t\t\t\t\t\t<div class=\"news-content-excerpt\">\r\n\t\t\t\t\t\t\t\t\t\t\t\t\t\t\t\t\t\t\t<div class=\"news-short-content\">\r\n\t\t\t\t\t\t\t\t\t\t\tFinntesting-yhdistys jakaa vuosittain kannustuspalkinnot testaus- ja laboratorioalalta tehdyn ansiokkaan pro gradu\u2013 tai diplomity\u00f6n ja ammattikorkeakoulujen opinn\u00e4ytety\u00f6n tekij\u00f6ille. Kummankin kannustuspalkinnon suuruus...\t\t\t\t\t\t\t\t\t\t<\/div>\r\n\t\t\t\t\t\t\t\t\t\t<a href=\"https:\/\/kemianseurat.fi\/finntesting\/news\/finntesting-2025-opinnaytetyot-haettavissa\/\" class=\"news-more-link\">Read More<\/a>\r\n\t\t\t\t\t\t\t\t\t\t\t\t\t\t\t\t\t<\/div><!-- .entry-content -->\r\n\t\t\t\t\t\t\t\t\t\t\t\t\t<\/div>\r\n\t\t\t\t\t<\/div>\r\n\t\t\t\t<\/div><!-- #post-## -->\r\n\t\t\t<\/div><!-- #post-## -->\r\n\t\t\r\n\t\t\t<div id=\"post-4362\" class=\"news type-news wpnaw-blog-class has-date news-col-4 wpnaw-last\">\r\n\t\t\t\t<div class=\"news-inner-wrap-view news-clearfix \">\r\n\r\n\t\t\t\t\t\t\t\t\t\t<div class=\"news-thumb\">\r\n\t\t\t\t\t\t\t\t\t\t\t\t\t<div class=\"grid-news-thumb\">\r\n\t\t\t\t\t\t\t\t<a href=\"https:\/\/kemianseurat.fi\/finntesting\/news\/tutustu-eurachemin-viimeisimpaan-uutiskirjeeseen\/\"><img loading=\"lazy\" decoding=\"async\" width=\"688\" height=\"387\" src=\"https:\/\/kemianseurat.fi\/finntesting\/wp-content\/uploads\/2024\/11\/Eurachem_yleinen-768x432.jpg\" class=\"attachment-medium_large size-medium_large wp-post-image\" alt=\"\" srcset=\"https:\/\/kemianseurat.fi\/finntesting\/wp-content\/uploads\/2024\/11\/Eurachem_yleinen-768x432.jpg 768w, https:\/\/kemianseurat.fi\/finntesting\/wp-content\/uploads\/2024\/11\/Eurachem_yleinen-300x169.jpg 300w, https:\/\/kemianseurat.fi\/finntesting\/wp-content\/uploads\/2024\/11\/Eurachem_yleinen-e1731489758586.jpg 1000w\" sizes=\"auto, (max-width: 688px) 100vw, 688px\" \/><\/a>\r\n\t\t\t\t\t\t\t<\/div>\r\n\t\t\t\t\t\t\t\t\t\t\t<\/div>\r\n\t\t\t\t\t\r\n\t\t\t\t\t<div class=\"news-content\">\r\n\t\t\t\t\t\t\t\t\t\t\t\t\t<div class=\"grid-date-post\">\r\n\t\t\t\t\t\t\t\t9 maaliskuun, 2026\t\t\t\t\t\t\t<\/div>\r\n\t\t\t\t\t\t\r\n\t\t\t\t\t\t<div class=\"post-content-text\">\r\n\t\t\t\t\t\t\t<h3 class=\"news-title\"><a href=\"https:\/\/kemianseurat.fi\/finntesting\/news\/tutustu-eurachemin-viimeisimpaan-uutiskirjeeseen\/\" rel=\"bookmark\">Tutustu EURACHEMin viimeisimp\u00e4\u00e4n uutiskirjeeseen<\/a><\/h3>\t\t\t\t\t\t\t\t<div class=\"news-content-excerpt\">\r\n\t\t\t\t\t\t\t\t\t\t\t\t\t\t\t\t\t\t\t<div class=\"news-short-content\">\r\n\t\t\t\t\t\t\t\t\t\t\tEURACHEMin viimeisin uutiskirje on luettavissa t\u00e4st\u00e4: Eurachem Newsletter (issue 43)\t\t\t\t\t\t\t\t\t\t<\/div>\r\n\t\t\t\t\t\t\t\t\t\t<a href=\"https:\/\/kemianseurat.fi\/finntesting\/news\/tutustu-eurachemin-viimeisimpaan-uutiskirjeeseen\/\" class=\"news-more-link\">Read More<\/a>\r\n\t\t\t\t\t\t\t\t\t\t\t\t\t\t\t\t\t<\/div><!-- .entry-content -->\r\n\t\t\t\t\t\t\t\t\t\t\t\t\t<\/div>\r\n\t\t\t\t\t<\/div>\r\n\t\t\t\t<\/div><!-- #post-## -->\r\n\t\t\t<\/div><!-- #post-## -->\r\n\t\t\r\n\t\t\t<div id=\"post-4358\" class=\"news type-news wpnaw-blog-class has-date news-col-4 wpnaw-first\">\r\n\t\t\t\t<div class=\"news-inner-wrap-view news-clearfix \">\r\n\r\n\t\t\t\t\t\t\t\t\t\t<div class=\"news-thumb\">\r\n\t\t\t\t\t\t\t\t\t\t\t\t\t<div class=\"grid-news-thumb\">\r\n\t\t\t\t\t\t\t\t<a href=\"https:\/\/kemianseurat.fi\/finntesting\/news\/tutustu-eurolabin-vuoden-2025-neljanteen-uutiskirjeeseen\/\"><img loading=\"lazy\" decoding=\"async\" width=\"688\" height=\"387\" src=\"https:\/\/kemianseurat.fi\/finntesting\/wp-content\/uploads\/2024\/11\/Eurolab_yleinen-768x432.jpg\" class=\"attachment-medium_large size-medium_large wp-post-image\" alt=\"\" srcset=\"https:\/\/kemianseurat.fi\/finntesting\/wp-content\/uploads\/2024\/11\/Eurolab_yleinen-768x432.jpg 768w, https:\/\/kemianseurat.fi\/finntesting\/wp-content\/uploads\/2024\/11\/Eurolab_yleinen-300x169.jpg 300w, https:\/\/kemianseurat.fi\/finntesting\/wp-content\/uploads\/2024\/11\/Eurolab_yleinen.jpg 1020w\" sizes=\"auto, (max-width: 688px) 100vw, 688px\" \/><\/a>\r\n\t\t\t\t\t\t\t<\/div>\r\n\t\t\t\t\t\t\t\t\t\t\t<\/div>\r\n\t\t\t\t\t\r\n\t\t\t\t\t<div class=\"news-content\">\r\n\t\t\t\t\t\t\t\t\t\t\t\t\t<div class=\"grid-date-post\">\r\n\t\t\t\t\t\t\t\t9 maaliskuun, 2026\t\t\t\t\t\t\t<\/div>\r\n\t\t\t\t\t\t\r\n\t\t\t\t\t\t<div class=\"post-content-text\">\r\n\t\t\t\t\t\t\t<h3 class=\"news-title\"><a href=\"https:\/\/kemianseurat.fi\/finntesting\/news\/tutustu-eurolabin-vuoden-2025-neljanteen-uutiskirjeeseen\/\" rel=\"bookmark\">Tutustu EUROLABin vuoden 2025 nelj\u00e4nteen uutiskirjeeseen<\/a><\/h3>\t\t\t\t\t\t\t\t<div class=\"news-content-excerpt\">\r\n\t\t\t\t\t\t\t\t\t\t\t\t\t\t\t\t\t\t\t<div class=\"news-short-content\">\r\n\t\t\t\t\t\t\t\t\t\t\tEUROLABin vuoden 2025 uutiskirjeen 4 voit lukea t\u00e4st\u00e4: EUROLAB Newsletter No. 4\/2025\t\t\t\t\t\t\t\t\t\t<\/div>\r\n\t\t\t\t\t\t\t\t\t\t<a href=\"https:\/\/kemianseurat.fi\/finntesting\/news\/tutustu-eurolabin-vuoden-2025-neljanteen-uutiskirjeeseen\/\" class=\"news-more-link\">Read More<\/a>\r\n\t\t\t\t\t\t\t\t\t\t\t\t\t\t\t\t\t<\/div><!-- .entry-content -->\r\n\t\t\t\t\t\t\t\t\t\t\t\t\t<\/div>\r\n\t\t\t\t\t<\/div>\r\n\t\t\t\t<\/div><!-- #post-## -->\r\n\t\t\t<\/div><!-- #post-## -->\r\n\t\t\r\n\t\t\t<div id=\"post-4350\" class=\"news type-news wpnaw-blog-class has-date news-col-4\">\r\n\t\t\t\t<div class=\"news-inner-wrap-view news-clearfix \">\r\n\r\n\t\t\t\t\t\t\t\t\t\t<div class=\"news-thumb\">\r\n\t\t\t\t\t\t\t\t\t\t\t\t\t<div class=\"grid-news-thumb\">\r\n\t\t\t\t\t\t\t\t<a href=\"https:\/\/kemianseurat.fi\/finntesting\/news\/2024-opinnaytetyopalkintojen-saajat-valittiin\/\"><img loading=\"lazy\" decoding=\"async\" width=\"688\" height=\"387\" src=\"https:\/\/kemianseurat.fi\/finntesting\/wp-content\/uploads\/2026\/03\/2025Palkinnot-1-768x432.jpg\" class=\"attachment-medium_large size-medium_large wp-post-image\" alt=\"\" srcset=\"https:\/\/kemianseurat.fi\/finntesting\/wp-content\/uploads\/2026\/03\/2025Palkinnot-1-768x432.jpg 768w, https:\/\/kemianseurat.fi\/finntesting\/wp-content\/uploads\/2026\/03\/2025Palkinnot-1-300x169.jpg 300w, https:\/\/kemianseurat.fi\/finntesting\/wp-content\/uploads\/2026\/03\/2025Palkinnot-1.jpg 1020w\" sizes=\"auto, (max-width: 688px) 100vw, 688px\" \/><\/a>\r\n\t\t\t\t\t\t\t<\/div>\r\n\t\t\t\t\t\t\t\t\t\t\t<\/div>\r\n\t\t\t\t\t\r\n\t\t\t\t\t<div class=\"news-content\">\r\n\t\t\t\t\t\t\t\t\t\t\t\t\t<div class=\"grid-date-post\">\r\n\t\t\t\t\t\t\t\t9 maaliskuun, 2026\t\t\t\t\t\t\t<\/div>\r\n\t\t\t\t\t\t\r\n\t\t\t\t\t\t<div class=\"post-content-text\">\r\n\t\t\t\t\t\t\t<h3 class=\"news-title\"><a href=\"https:\/\/kemianseurat.fi\/finntesting\/news\/2024-opinnaytetyopalkintojen-saajat-valittiin\/\" rel=\"bookmark\">2024 opinn\u00e4ytety\u00f6palkintojen saajat valittiin<\/a><\/h3>\t\t\t\t\t\t\t\t<div class=\"news-content-excerpt\">\r\n\t\t\t\t\t\t\t\t\t\t\t\t\t\t\t\t\t\t\t<div class=\"news-short-content\">\r\n\t\t\t\t\t\t\t\t\t\t\tFinntesting -yhdistys my\u00f6nsi 2024 opinn\u00e4ytety\u00f6palkinnon yliopistojen sarjassa&nbsp;DI Sami Hartikaiselle Aalto yliopistosta diplomity\u00f6st\u00e4\u00e4n Characterization of humidity reference for energy gas measurements...\t\t\t\t\t\t\t\t\t\t<\/div>\r\n\t\t\t\t\t\t\t\t\t\t<a href=\"https:\/\/kemianseurat.fi\/finntesting\/news\/2024-opinnaytetyopalkintojen-saajat-valittiin\/\" class=\"news-more-link\">Read More<\/a>\r\n\t\t\t\t\t\t\t\t\t\t\t\t\t\t\t\t\t<\/div><!-- .entry-content -->\r\n\t\t\t\t\t\t\t\t\t\t\t\t\t<\/div>\r\n\t\t\t\t\t<\/div>\r\n\t\t\t\t<\/div><!-- #post-## -->\r\n\t\t\t<\/div><!-- #post-## -->\r\n\t\t\t\t\t<div class=\"news_pagination wpnw-numeric\">\r\n\t\t\t\t<span aria-current=\"page\" class=\"page-numbers current\">1<\/span>\n<a class=\"page-numbers\" href=\"https:\/\/kemianseurat.fi\/finntesting\/wp-json\/wp\/v2\/pages\/1363\/page\/2\/#wpnw-news-1\">2<\/a>\n<a class=\"page-numbers\" href=\"https:\/\/kemianseurat.fi\/finntesting\/wp-json\/wp\/v2\/pages\/1363\/page\/3\/#wpnw-news-1\">3<\/a>\n<a class=\"page-numbers\" href=\"https:\/\/kemianseurat.fi\/finntesting\/wp-json\/wp\/v2\/pages\/1363\/page\/4\/#wpnw-news-1\">4<\/a>\n<a class=\"next page-numbers\" href=\"https:\/\/kemianseurat.fi\/finntesting\/wp-json\/wp\/v2\/pages\/1363\/page\/2\/#wpnw-news-1\">Next &raquo;<\/a>\t\t\t<\/div>\r\n\t\t\t<\/div>\r\n\r\n\t\n\n\n\n<p><\/p>\n","protected":false},"excerpt":{"rendered":"","protected":false},"author":6,"featured_media":0,"parent":0,"menu_order":0,"comment_status":"closed","ping_status":"closed","template":"","meta":{"footnotes":""},"class_list":["post-1363","page","type-page","status-publish","hentry"],"_links":{"self":[{"href":"https:\/\/kemianseurat.fi\/finntesting\/wp-json\/wp\/v2\/pages\/1363","targetHints":{"allow":["GET"]}}],"collection":[{"href":"https:\/\/kemianseurat.fi\/finntesting\/wp-json\/wp\/v2\/pages"}],"about":[{"href":"https:\/\/kemianseurat.fi\/finntesting\/wp-json\/wp\/v2\/types\/page"}],"author":[{"embeddable":true,"href":"https:\/\/kemianseurat.fi\/finntesting\/wp-json\/wp\/v2\/users\/6"}],"replies":[{"embeddable":true,"href":"https:\/\/kemianseurat.fi\/finntesting\/wp-json\/wp\/v2\/comments?post=1363"}],"version-history":[{"count":15,"href":"https:\/\/kemianseurat.fi\/finntesting\/wp-json\/wp\/v2\/pages\/1363\/revisions"}],"predecessor-version":[{"id":2938,"href":"https:\/\/kemianseurat.fi\/finntesting\/wp-json\/wp\/v2\/pages\/1363\/revisions\/2938"}],"wp:attachment":[{"href":"https:\/\/kemianseurat.fi\/finntesting\/wp-json\/wp\/v2\/media?parent=1363"}],"curies":[{"name":"wp","href":"https:\/\/api.w.org\/{rel}","templated":true}]}}