{"id":12,"date":"2016-01-04T12:48:46","date_gmt":"2016-01-04T12:48:46","guid":{"rendered":"http:\/\/kemianseurat.fi\/kaakkois\/?page_id=12"},"modified":"2019-02-24T21:30:57","modified_gmt":"2019-02-24T21:30:57","slug":"yleista","status":"publish","type":"page","link":"http:\/\/kemianseurat.fi\/kaakkois\/","title":{"rendered":"Kaakkois-Suomen Kemistiseura ry"},"content":{"rendered":"<p style=\"text-align: justify;\">Kaakkois-Suomen Kemistiseura ry. on Suomalaisten Kemistien Seuran (SKS) paikallisseura, joka toimii Kaakkois-Suomen alueen kemistien, kemisti-insin\u00f6\u00f6rien ja kemian opiskelijoiden yhdyssiteen\u00e4. Seura j\u00e4rjest\u00e4\u00e4 vuosittain kokous- ja tutustumismatkoja eri kohteisiin. Seura on perustettu vuonna 1963 Kotkassa. Kemistiseurallamme on t\u00e4ll\u00e4 hetkell\u00e4\u00a0(1\/2019) yhteens\u00e4\u00a0246 \u00a0j\u00e4sent\u00e4.<\/p>\n<p style=\"text-align: justify;\">Seuramme j\u00e4seniksi voidaan hyv\u00e4ksy\u00e4 henkil\u00f6t, jotka ovat suorittamillaan tutkinnoilla tai muulla tavalla osoittaneet olevansa p\u00e4tevi\u00e4 kemistej\u00e4. Lis\u00e4ksi j\u00e4senen tulee olla Suomalaisten Kemistien Seuran varsinainen tai nuori j\u00e4sen. My\u00f6s kemiaa p\u00e4\u00e4aineenaan opiskelevat voivat olla seuramme j\u00e4seni\u00e4. J\u00e4seneksi voi hakea p\u00e4\u00e4seuran hakemuslomakkeella (ks. <a href=\"http:\/\/kemianseurat.fi\/kaakkois\/?page_id=103\">J\u00e4senasiat<\/a> -sivu). Jos olet jo p\u00e4\u00e4seuran j\u00e4sen, pelkk\u00e4 ilmoitus joko p\u00e4\u00e4seuraan tai paikallisseuramme sihteerille riitt\u00e4\u00e4. Samanaikaisesti voit kuulua my\u00f6s useampaankin paikallisseuraan.<\/p>\n<p style=\"text-align: justify;\">Seuran toimintaa rahoitetaan p\u00e4\u00e4seuran avustuksella ja kannattajaj\u00e4senmaksuilla. Varsinaisilta j\u00e4senilt\u00e4 perit\u00e4\u00e4n erillinen j\u00e4senmaksu (10 \u20ac)\u00a0SKS:n j\u00e4senmaksun lis\u00e4ksi.<\/p>\n","protected":false},"excerpt":{"rendered":"<p>Kaakkois-Suomen Kemistiseura ry. on Suomalaisten Kemistien Seuran (SKS) paikallisseura, joka toimii Kaakkois-Suomen alueen kemistien, kemisti-insin\u00f6\u00f6rien ja kemian opiskelijoiden yhdyssiteen\u00e4. Seura j\u00e4rjest\u00e4\u00e4 vuosittain kokous- ja tutustumismatkoja eri kohteisiin. Seura on perustettu vuonna 1963 Kotkassa. Kemistiseurallamme on t\u00e4ll\u00e4 hetkell\u00e4\u00a0(1\/2019) yhteens\u00e4\u00a0246 \u00a0j\u00e4sent\u00e4. Seuramme j\u00e4seniksi voidaan hyv\u00e4ksy\u00e4 henkil\u00f6t, jotka ovat suorittamillaan tutkinnoilla tai muulla tavalla osoittaneet olevansa p\u00e4tevi\u00e4 kemistej\u00e4. &hellip; <a href=\"http:\/\/kemianseurat.fi\/kaakkois\/\" class=\"more-link\">Jatka lukemista <span class=\"screen-reader-text\">Kaakkois-Suomen Kemistiseura ry<\/span> <span class=\"meta-nav\">&rarr;<\/span><\/a><\/p>\n","protected":false},"author":1,"featured_media":0,"parent":0,"menu_order":1,"comment_status":"closed","ping_status":"closed","template":"","meta":{"footnotes":""},"class_list":["post-12","page","type-page","status-publish","hentry"],"_links":{"self":[{"href":"http:\/\/kemianseurat.fi\/kaakkois\/index.php?rest_route=\/wp\/v2\/pages\/12","targetHints":{"allow":["GET"]}}],"collection":[{"href":"http:\/\/kemianseurat.fi\/kaakkois\/index.php?rest_route=\/wp\/v2\/pages"}],"about":[{"href":"http:\/\/kemianseurat.fi\/kaakkois\/index.php?rest_route=\/wp\/v2\/types\/page"}],"author":[{"embeddable":true,"href":"http:\/\/kemianseurat.fi\/kaakkois\/index.php?rest_route=\/wp\/v2\/users\/1"}],"replies":[{"embeddable":true,"href":"http:\/\/kemianseurat.fi\/kaakkois\/index.php?rest_route=%2Fwp%2Fv2%2Fcomments&post=12"}],"version-history":[{"count":30,"href":"http:\/\/kemianseurat.fi\/kaakkois\/index.php?rest_route=\/wp\/v2\/pages\/12\/revisions"}],"predecessor-version":[{"id":404,"href":"http:\/\/kemianseurat.fi\/kaakkois\/index.php?rest_route=\/wp\/v2\/pages\/12\/revisions\/404"}],"wp:attachment":[{"href":"http:\/\/kemianseurat.fi\/kaakkois\/index.php?rest_route=%2Fwp%2Fv2%2Fmedia&parent=12"}],"curies":[{"name":"wp","href":"https:\/\/api.w.org\/{rel}","templated":true}]}}